{"id":2368,"date":"2022-05-09T08:59:16","date_gmt":"2022-05-09T08:59:16","guid":{"rendered":"http:\/\/localhost\/kinco\/?page_id=2368"},"modified":"2025-12-07T16:33:24","modified_gmt":"2025-12-07T16:33:24","slug":"abonelik","status":"publish","type":"page","link":"https:\/\/www.onlinedersatolyem.com\/?page_id=2368","title":{"rendered":"Abonelik"},"content":{"rendered":"\t\t<div data-elementor-type=\"wp-page\" data-elementor-id=\"2368\" class=\"elementor elementor-2368\">\n\t\t\t\t        <section class=\"elementor-section elementor-top-section elementor-element elementor-element-1d8db87 elementor-section-boxed elementor-section-height-default elementor-section-height-default pxl-type-header-none pxl-bg-color-none pxl-row-scroll-none\" data-id=\"1d8db87\" data-element_type=\"section\">\n\n                \n                <div class=\"elementor-container elementor-column-gap-default \">\n                <div class=\"elementor-column elementor-col-100 elementor-top-column elementor-element elementor-element-4310bdf pxl-col-none pxl-column-none\" data-id=\"4310bdf\" data-element_type=\"column\">\r\n        <div class=\"elementor-widget-wrap elementor-element-populated\">\r\n                     \r\n        \t\t<div class=\"elementor-element elementor-element-f038062 elementor-widget__width-auto elementor-widget-tablet__width-inherit elementor-widget elementor-widget-pxl_heading\" data-id=\"f038062\" data-element_type=\"widget\" data-widget_type=\"pxl_heading.default\">\n\t\t\t\t<div class=\"elementor-widget-container\">\n\t\t\t\t\t<div class=\"pxl-heading\">\n\t<div class=\"pxl-heading--inner\">\n\t\t\t\t\t<div class=\"pxl-item--subtitle  \" data-wow-delay=\"ms\">\n\t\t\t\t<div class=\"wrap-subtitle style3 \">\n\t\t\t\t\t<span class=\"icon-before \" style=\"transform: rotatey(180deg);\">\n\t\t\t\t\t<svg version=\"1.1\" xmlns=\"http:\/\/www.w3.org\/2000\/svg\" xmlns:xlink=\"http:\/\/www.w3.org\/1999\/xlink\" x=\"0px\" y=\"0px\"\n\t\t\t\t\tviewBox=\"0 0 179.89 55.05\" style=\"enable-background:new 0 0 179.89 55.05;\" xml:space=\"preserve\">\n\t\t\t\t\t<g>\n\t\t\t\t\t\t<path d=\"M142.91,48.25c-0.03,0-0.06,0-0.09,0c-0.19,0-0.38-0.01-0.56-0.01C142.47,48.24,142.69,48.25,142.91,48.25z\"\/>\n\t\t\t\t\t\t<path d=\"M170.71,50.12c0.23-0.19,0.4-0.43,0.52-0.72c0.16-0.38,0.22-0.77,0.18-1.17c0-4.91-0.17-9.81-0.59-14.7\n\t\t\t\t\t\tc-0.21-2.43-0.46-4.86-0.77-7.29c-0.3-2.44-0.61-4.89-1.08-7.31c-0.26-1.34-0.54-2.67-0.83-4c-0.18-0.81-0.33-1.63-0.59-2.41\n\t\t\t\t\t\tc-0.21-0.66-0.43-1.32-0.65-1.98c0.04,0.15,0.07,0.29,0.11,0.44c-0.15-0.66-0.44-1.29-0.7-1.93c-0.21-0.53-0.43-1.06-0.64-1.59\n\t\t\t\t\t\tc-0.21-0.5-0.75-0.78-1.28-0.65c-0.55,0.14-0.85,0.62-0.82,1.17c0.01,0.32,0.03,0.65,0.04,0.97c0,0.07,0.01,0.14,0.01,0.22\n\t\t\t\t\t\tc0,0.01,0.03,0.36,0.01,0.15c-0.03-0.28,0,0.29,0.01,0.4c0,0.09,0.01,0.18,0.01,0.27c0.01,0.31,0.01,0.62,0.03,0.93\n\t\t\t\t\t\tc0,0.03,0,0.06,0,0.1c0,0.15,0.01,0.28,0.02,0.43c0.02,0.18,0.03,0.36,0.04,0.54c0.04,0.65,0.05,1.3,0.14,1.95\n\t\t\t\t\t\tc0.09,0.68,0.19,1.36,0.28,2.04c0.18,1.31,0.34,2.62,0.49,3.93c0.15,1.31,0.35,2.62,0.52,3.93c0.67,5.28,1.09,10.59,1.37,15.9\n\t\t\t\t\t\tc0.01,0.28,0.03,0.56,0.04,0.83c-5.43-9.01-13.47-16.39-22.91-21.1c-11.96-5.96-25.86-7.01-38.71-3.54\n\t\t\t\t\t\tc-6.39,1.72-12.53,4.62-17.87,8.55c-5.74,4.22-10.5,9.68-15.6,14.47c-2.55,2.39-5.22,4.67-8.15,6.58\n\t\t\t\t\t\tc-2.54,1.65-5.42,2.99-8.49,3.91c-0.37,0.11-0.75,0.21-1.12,0.32c-0.05,0.01-0.08,0.02-0.12,0.03c-0.02,0-0.03,0.01-0.06,0.01\n\t\t\t\t\t\tc-0.17,0.04-0.34,0.08-0.51,0.12c-0.83,0.19-1.66,0.35-2.49,0.48c-1.54,0.24-3.09,0.38-4.64,0.42c-0.74,0.02-1.33,0.02-1.78,0\n\t\t\t\t\t\tc-0.85-0.03-1.69-0.09-2.54-0.18c-1.54-0.16-3.08-0.42-4.59-0.78c-0.87-0.21-1.29-0.33-1.92-0.52c-0.74-0.23-1.47-0.49-2.19-0.77\n\t\t\t\t\t\tc-1.45-0.57-2.87-1.23-4.23-1.99c-0.16-0.09-0.31-0.18-0.47-0.27c-0.06-0.04-0.36-0.21-0.36-0.22c-0.31-0.19-0.61-0.38-0.91-0.58\n\t\t\t\t\t\tc-0.69-0.46-1.36-0.94-2.01-1.44c-0.6-0.46-1.18-0.94-1.75-1.44c-0.3-0.26-0.59-0.53-0.88-0.8c-0.13-0.12-0.26-0.25-0.39-0.37\n\t\t\t\t\t\tc-0.04-0.04-0.39-0.39-0.43-0.42c-2.17-2.24-4.1-4.77-5.68-7.47c0,0-0.2-0.35-0.21-0.37c-0.05-0.09-0.1-0.18-0.15-0.27\n\t\t\t\t\t\tc-0.21-0.38-0.4-0.76-0.59-1.15c-0.35-0.71-0.68-1.43-0.98-2.16c-0.61-1.46-1.11-2.96-1.52-4.48c-0.11-0.42-0.32-1.35-0.44-2.03\n\t\t\t\t\t\tc-0.15-0.78-0.33-1.55-0.47-2.33c-0.39-2.2-3.46-1.82-3.42,0.38c0.07,3.33,0.9,6.64,2.05,9.75c1.14,3.07,2.69,6,4.56,8.69\n\t\t\t\t\t\tc3.74,5.39,9.17,9.79,15.19,12.4c5.97,2.59,12.64,3.54,19.11,2.86c6.66-0.7,12.95-3.17,18.37-7.09\n\t\t\t\t\t\tc5.75-4.15,10.51-9.62,15.51-14.46c2.54-2.45,5.19-4.77,8.08-6.8c2.7-1.89,5.28-3.34,8.29-4.67c11.82-5.25,25.58-6.13,37.88-1.74\n\t\t\t\t\t\tc11.74,4.19,21.9,12.7,28,23.58c0.31,0.56,0.61,1.12,0.9,1.69c-0.18-0.05-0.36-0.09-0.54-0.14c-1.36-0.34-2.72-0.63-4.1-0.86\n\t\t\t\t\t\tc-2.75-0.45-5.52-0.85-8.31-1c-2.95-0.16-5.9-0.22-8.86-0.18c-2.78,0.04-5.58,0.27-8.31,0.76c-3.15,0.57-6.35,1.03-9.41,1.98\n\t\t\t\t\t\tc-0.51,0.16-0.75,0.77-0.63,1.25c0.14,0.56,0.6,0.8,1.15,0.81c0.02,0,0.04,0,0.05,0c0.05,0,0.11,0,0.16,0\n\t\t\t\t\t\tc0.15,0,0.3,0.01,0.45,0.01c0.29,0.01,0.58-0.01,0.87-0.01c0.48-0.01,0.96-0.02,1.44-0.02c0.48,0,0.96-0.01,1.44-0.01\n\t\t\t\t\t\tc0.49,0,0.98,0.03,1.46,0.01c0.74,0.02,1.49,0.01,2.23,0c0.87,0.06,1.75,0.13,2.62,0.13c0.29,0.01,0.58,0.02,0.87,0.02\n\t\t\t\t\t\tc1.45,0.04,2.89,0.12,4.34,0.15c0.1,0,0.21,0,0.31,0.01c3.34,0.07,6.68,0.28,10.01,0.63c1.66,0.17,3.33,0.28,4.99,0.46\n\t\t\t\t\t\tc1.66,0.18,3.31,0.42,4.97,0.59c0.95,0.1,1.89,0.21,2.84,0.33c0.95,0.12,1.88,0.3,2.81,0.51\n\t\t\t\t\t\tC169.46,50.93,170.21,50.61,170.71,50.12z\"\/>\n\t\t\t\t\t<\/g>\n\t\t\t\t<\/svg>\n\t\t\t<\/span>\n\t\t\t<span>\u00dccret Tarifesi<\/span>\n\t\t\t<span class=\"icon-after\">\n\t\t\t\t\t<svg version=\"1.1\"  xmlns=\"http:\/\/www.w3.org\/2000\/svg\" xmlns:xlink=\"http:\/\/www.w3.org\/1999\/xlink\" x=\"0px\" y=\"0px\"\n\t\t\t\t\tviewBox=\"0 0 179.89 55.05\" style=\"enable-background:new 0 0 179.89 55.05;\" xml:space=\"preserve\">\n\t\t\t\t\t<g>\n\t\t\t\t\t\t<path d=\"M142.91,48.25c-0.03,0-0.06,0-0.09,0c-0.19,0-0.38-0.01-0.56-0.01C142.47,48.24,142.69,48.25,142.91,48.25z\"\/>\n\t\t\t\t\t\t<path d=\"M170.71,50.12c0.23-0.19,0.4-0.43,0.52-0.72c0.16-0.38,0.22-0.77,0.18-1.17c0-4.91-0.17-9.81-0.59-14.7\n\t\t\t\t\t\tc-0.21-2.43-0.46-4.86-0.77-7.29c-0.3-2.44-0.61-4.89-1.08-7.31c-0.26-1.34-0.54-2.67-0.83-4c-0.18-0.81-0.33-1.63-0.59-2.41\n\t\t\t\t\t\tc-0.21-0.66-0.43-1.32-0.65-1.98c0.04,0.15,0.07,0.29,0.11,0.44c-0.15-0.66-0.44-1.29-0.7-1.93c-0.21-0.53-0.43-1.06-0.64-1.59\n\t\t\t\t\t\tc-0.21-0.5-0.75-0.78-1.28-0.65c-0.55,0.14-0.85,0.62-0.82,1.17c0.01,0.32,0.03,0.65,0.04,0.97c0,0.07,0.01,0.14,0.01,0.22\n\t\t\t\t\t\tc0,0.01,0.03,0.36,0.01,0.15c-0.03-0.28,0,0.29,0.01,0.4c0,0.09,0.01,0.18,0.01,0.27c0.01,0.31,0.01,0.62,0.03,0.93\n\t\t\t\t\t\tc0,0.03,0,0.06,0,0.1c0,0.15,0.01,0.28,0.02,0.43c0.02,0.18,0.03,0.36,0.04,0.54c0.04,0.65,0.05,1.3,0.14,1.95\n\t\t\t\t\t\tc0.09,0.68,0.19,1.36,0.28,2.04c0.18,1.31,0.34,2.62,0.49,3.93c0.15,1.31,0.35,2.62,0.52,3.93c0.67,5.28,1.09,10.59,1.37,15.9\n\t\t\t\t\t\tc0.01,0.28,0.03,0.56,0.04,0.83c-5.43-9.01-13.47-16.39-22.91-21.1c-11.96-5.96-25.86-7.01-38.71-3.54\n\t\t\t\t\t\tc-6.39,1.72-12.53,4.62-17.87,8.55c-5.74,4.22-10.5,9.68-15.6,14.47c-2.55,2.39-5.22,4.67-8.15,6.58\n\t\t\t\t\t\tc-2.54,1.65-5.42,2.99-8.49,3.91c-0.37,0.11-0.75,0.21-1.12,0.32c-0.05,0.01-0.08,0.02-0.12,0.03c-0.02,0-0.03,0.01-0.06,0.01\n\t\t\t\t\t\tc-0.17,0.04-0.34,0.08-0.51,0.12c-0.83,0.19-1.66,0.35-2.49,0.48c-1.54,0.24-3.09,0.38-4.64,0.42c-0.74,0.02-1.33,0.02-1.78,0\n\t\t\t\t\t\tc-0.85-0.03-1.69-0.09-2.54-0.18c-1.54-0.16-3.08-0.42-4.59-0.78c-0.87-0.21-1.29-0.33-1.92-0.52c-0.74-0.23-1.47-0.49-2.19-0.77\n\t\t\t\t\t\tc-1.45-0.57-2.87-1.23-4.23-1.99c-0.16-0.09-0.31-0.18-0.47-0.27c-0.06-0.04-0.36-0.21-0.36-0.22c-0.31-0.19-0.61-0.38-0.91-0.58\n\t\t\t\t\t\tc-0.69-0.46-1.36-0.94-2.01-1.44c-0.6-0.46-1.18-0.94-1.75-1.44c-0.3-0.26-0.59-0.53-0.88-0.8c-0.13-0.12-0.26-0.25-0.39-0.37\n\t\t\t\t\t\tc-0.04-0.04-0.39-0.39-0.43-0.42c-2.17-2.24-4.1-4.77-5.68-7.47c0,0-0.2-0.35-0.21-0.37c-0.05-0.09-0.1-0.18-0.15-0.27\n\t\t\t\t\t\tc-0.21-0.38-0.4-0.76-0.59-1.15c-0.35-0.71-0.68-1.43-0.98-2.16c-0.61-1.46-1.11-2.96-1.52-4.48c-0.11-0.42-0.32-1.35-0.44-2.03\n\t\t\t\t\t\tc-0.15-0.78-0.33-1.55-0.47-2.33c-0.39-2.2-3.46-1.82-3.42,0.38c0.07,3.33,0.9,6.64,2.05,9.75c1.14,3.07,2.69,6,4.56,8.69\n\t\t\t\t\t\tc3.74,5.39,9.17,9.79,15.19,12.4c5.97,2.59,12.64,3.54,19.11,2.86c6.66-0.7,12.95-3.17,18.37-7.09\n\t\t\t\t\t\tc5.75-4.15,10.51-9.62,15.51-14.46c2.54-2.45,5.19-4.77,8.08-6.8c2.7-1.89,5.28-3.34,8.29-4.67c11.82-5.25,25.58-6.13,37.88-1.74\n\t\t\t\t\t\tc11.74,4.19,21.9,12.7,28,23.58c0.31,0.56,0.61,1.12,0.9,1.69c-0.18-0.05-0.36-0.09-0.54-0.14c-1.36-0.34-2.72-0.63-4.1-0.86\n\t\t\t\t\t\tc-2.75-0.45-5.52-0.85-8.31-1c-2.95-0.16-5.9-0.22-8.86-0.18c-2.78,0.04-5.58,0.27-8.31,0.76c-3.15,0.57-6.35,1.03-9.41,1.98\n\t\t\t\t\t\tc-0.51,0.16-0.75,0.77-0.63,1.25c0.14,0.56,0.6,0.8,1.15,0.81c0.02,0,0.04,0,0.05,0c0.05,0,0.11,0,0.16,0\n\t\t\t\t\t\tc0.15,0,0.3,0.01,0.45,0.01c0.29,0.01,0.58-0.01,0.87-0.01c0.48-0.01,0.96-0.02,1.44-0.02c0.48,0,0.96-0.01,1.44-0.01\n\t\t\t\t\t\tc0.49,0,0.98,0.03,1.46,0.01c0.74,0.02,1.49,0.01,2.23,0c0.87,0.06,1.75,0.13,2.62,0.13c0.29,0.01,0.58,0.02,0.87,0.02\n\t\t\t\t\t\tc1.45,0.04,2.89,0.12,4.34,0.15c0.1,0,0.21,0,0.31,0.01c3.34,0.07,6.68,0.28,10.01,0.63c1.66,0.17,3.33,0.28,4.99,0.46\n\t\t\t\t\t\tc1.66,0.18,3.31,0.42,4.97,0.59c0.95,0.1,1.89,0.21,2.84,0.33c0.95,0.12,1.88,0.3,2.81,0.51\n\t\t\t\t\t\tC169.46,50.93,170.21,50.61,170.71,50.12z\"\/>\n\t\t\t\t\t<\/g>\n\t\t\t\t<\/svg>\n\t\t\t<\/span>\n\t\t\t\t<\/div>\n\t\t\t\t\n\t\t<\/div>\n\t\t<h3 class=\"pxl-item--title  highlight-default Salsa\" data-wow-delay=\"ms\">\n\tAyl\u0131k ve Y\u0131ll\u0131k \u00dcyelik F\u0131rsatlar\u0131\t\t\n\t<\/h3>\n<\/div>\n<\/div>\t\t\t\t<\/div>\n\t\t\t\t<\/div>\n\t\t\t\t<div class=\"elementor-element elementor-element-7708b19 elementor-widget__width-initial elementor-widget elementor-widget-pxl_tabs\" data-id=\"7708b19\" data-element_type=\"widget\" data-widget_type=\"pxl_tabs.default\">\n\t\t\t\t<div class=\"elementor-widget-container\">\n\t\t\t\t\t<div class=\"pxl-tabs pxl-tabs1 tab-effect-slide style-button-set \" data-wow-delay=\"ms\">\n    <div class=\"pxl-tabs--inner\">\n\n        <div class=\"wrap-title\">\n            <div class=\"pxl-tabs--title\">\n                                    <span class=\"pxl-item--title active\" data-target=\"#pxl_tabs-7708b19-4751-34b985a\">\n                        <span>\n                            Ayl\u0131k                            <i class=\"fal fa-long-arrow-right\"><\/i>\n                        <\/span>        \n                    <\/span>\n                                                        <span class=\"pxl-item--title \" data-target=\"#pxl_tabs-7708b19-4751-4a75e33\">\n                        <span>\n                            Y\u0131ll\u0131k                            <i class=\"fal fa-long-arrow-right\"><\/i>\n                        <\/span>        \n                    <\/span>\n                                                <\/div>\n        <\/div>\n\n        <div class=\"pxl-tabs--content\">\n                            <div id=\"pxl_tabs-7708b19-4751-34b985a\" class=\"pxl-item--content active pxl-tabs--elementor\" style=\"display: block;\">\n                    \t\t<div data-elementor-type=\"wp-post\" data-elementor-id=\"2497\" class=\"elementor elementor-2497\">\n\t\t\t\t        <section class=\"elementor-section elementor-top-section elementor-element elementor-element-44c99df5 elementor-section-boxed elementor-section-height-default elementor-section-height-default pxl-type-header-none pxl-bg-color-none pxl-row-scroll-none\" data-id=\"44c99df5\" data-element_type=\"section\">\n\n                \n                <div class=\"elementor-container elementor-column-gap-default \">\n                <div class=\"elementor-column elementor-col-33 elementor-top-column elementor-element elementor-element-55d55427 pxl-col-none pxl-column-none\" data-id=\"55d55427\" data-element_type=\"column\">\r\n        <div class=\"elementor-widget-wrap\">\r\n                     \r\n                    <\/div>\r\n        <\/div>\r\n                <div class=\"elementor-column elementor-col-33 elementor-top-column elementor-element elementor-element-2b340e97 pxl-col-none pxl-column-none\" data-id=\"2b340e97\" data-element_type=\"column\">\r\n        <div class=\"elementor-widget-wrap elementor-element-populated\">\r\n                     \r\n        \t\t<div class=\"elementor-element elementor-element-7a603df3 elementor-widget elementor-widget-pxl_pricing\" data-id=\"7a603df3\" data-element_type=\"widget\" data-widget_type=\"pxl_pricing.default\">\n\t\t\t\t<div class=\"elementor-widget-container\">\n\t\t\t\t\t<div class=\"pxl-pricing pxl-pricing1 \" data-wow-delay=\"ms\">\r\n            <div class=\"item--star \">\r\n            <i class=\"fas fa-star\"><\/i>\r\n            <i class=\"fas fa-star\"><\/i>\r\n            <i class=\"fas fa-star\"><\/i>\r\n            <i class=\"fas fa-star\"><\/i>\r\n            <i class=\"fas fa-star\"><\/i>\r\n        <\/div>\r\n        <h4 class=\"pxl-item--title\"><span>Ayl\u0131k \u00dcyelik<\/span><\/h4>\r\n    <div class=\"pxl-item--subtitle\">T\u00fcm Oyunlara An\u0131nda Eri\u015fim Sa\u011flay\u0131n<\/div>\r\n    <div class=\"pxl-item--price\">299\u20ba\/<small>ayl\u0131k<\/small><\/div>\r\n        <ul class=\"pxl-item--feature\">\r\n                    <li class=\"is-active\"><i class=\"caseicon-check\"><\/i>T\u00fcm Oyunlara Eri\u015fim<\/li>\r\n                    <li class=\"is-active\"><i class=\"caseicon-check\"><\/i>M\u00fcfredata Uygun Program<\/li>\r\n                    <li class=\"is-active\"><i class=\"caseicon-check\"><\/i>Canl\u0131 Destek<\/li>\r\n            <\/ul>\r\n    \r\n            <div class=\"pxl-item--readmore\">\r\n            <a class=\"btn-readmore pxl-btn-effect7\" href=\"https:\/\/onlinedersatolyem.com\/urun\/aylik-abonelik\/\">BU PLANI SE\u00c7<i class=\"far fa-long-arrow-right\"><\/i><\/a>\r\n        <\/div>\r\n    <\/div>\t\t\t\t<\/div>\n\t\t\t\t<\/div>\n\t\t            <\/div>\r\n        <\/div>\r\n                <div class=\"elementor-column elementor-col-33 elementor-top-column elementor-element elementor-element-5ea82eb8 pxl-col-none pxl-column-none\" data-id=\"5ea82eb8\" data-element_type=\"column\">\r\n        <div class=\"elementor-widget-wrap\">\r\n                     \r\n                    <\/div>\r\n        <\/div>\r\n        \t\t\t<\/div>\n\t\t<\/section>\n\t\t\t\t<\/div>\n\t\t        \n                <\/div>\n                            <div id=\"pxl_tabs-7708b19-4751-4a75e33\" class=\"pxl-item--content  pxl-tabs--elementor\" >\n                    \t\t<div data-elementor-type=\"wp-post\" data-elementor-id=\"2499\" class=\"elementor elementor-2499\">\n\t\t\t\t        <section class=\"elementor-section elementor-top-section elementor-element elementor-element-33954988 elementor-section-boxed elementor-section-height-default elementor-section-height-default pxl-type-header-none pxl-bg-color-none pxl-row-scroll-none\" data-id=\"33954988\" data-element_type=\"section\">\n\n                \n                <div class=\"elementor-container elementor-column-gap-default \">\n                <div class=\"elementor-column elementor-col-33 elementor-top-column elementor-element elementor-element-7d3688da pxl-col-none pxl-column-none\" data-id=\"7d3688da\" data-element_type=\"column\">\r\n        <div class=\"elementor-widget-wrap\">\r\n                     \r\n                    <\/div>\r\n        <\/div>\r\n                <div class=\"elementor-column elementor-col-33 elementor-top-column elementor-element elementor-element-210f70ab pxl-col-none pxl-column-none\" data-id=\"210f70ab\" data-element_type=\"column\">\r\n        <div class=\"elementor-widget-wrap elementor-element-populated\">\r\n                     \r\n        \t\t<div class=\"elementor-element elementor-element-3e463280 elementor-widget elementor-widget-pxl_pricing\" data-id=\"3e463280\" data-element_type=\"widget\" data-widget_type=\"pxl_pricing.default\">\n\t\t\t\t<div class=\"elementor-widget-container\">\n\t\t\t\t\t<div class=\"pxl-pricing pxl-pricing1 \" data-wow-delay=\"ms\">\r\n            <div class=\"item--star \">\r\n            <i class=\"fas fa-star\"><\/i>\r\n            <i class=\"fas fa-star\"><\/i>\r\n            <i class=\"fas fa-star\"><\/i>\r\n            <i class=\"fas fa-star\"><\/i>\r\n            <i class=\"fas fa-star\"><\/i>\r\n        <\/div>\r\n        <h4 class=\"pxl-item--title\"><span>Y\u0131ll\u0131k \u00dcyelik<\/span><\/h4>\r\n    <div class=\"pxl-item--subtitle\">Uygun Fiyata Uzun S\u00fcreli Eri\u015fim \u0130mkan\u0131<\/div>\r\n    <div class=\"pxl-item--price\">2399\u20ba\/<small>y\u0131ll\u0131k<\/small><\/div>\r\n        <ul class=\"pxl-item--feature\">\r\n                    <li class=\"is-active\"><i class=\"caseicon-check\"><\/i>T\u00fcm Oyunlara Eri\u015fim<\/li>\r\n                    <li class=\"is-active\"><i class=\"caseicon-check\"><\/i>M\u00fcfredata Uygun Program<\/li>\r\n                    <li class=\"is-active\"><i class=\"caseicon-check\"><\/i>Canl\u0131 Destek<\/li>\r\n            <\/ul>\r\n    \r\n            <div class=\"pxl-item--readmore\">\r\n            <a class=\"btn-readmore pxl-btn-effect7\" href=\"https:\/\/onlinedersatolyem.com\/urun\/yillik-abonelik\/\">BU PLANI SE\u00c7<i class=\"far fa-long-arrow-right\"><\/i><\/a>\r\n        <\/div>\r\n    <\/div>\t\t\t\t<\/div>\n\t\t\t\t<\/div>\n\t\t            <\/div>\r\n        <\/div>\r\n                <div class=\"elementor-column elementor-col-33 elementor-top-column elementor-element elementor-element-839be8c pxl-col-none pxl-column-none\" data-id=\"839be8c\" data-element_type=\"column\">\r\n        <div class=\"elementor-widget-wrap\">\r\n                     \r\n                    <\/div>\r\n        <\/div>\r\n        \t\t\t<\/div>\n\t\t<\/section>\n\t\t\t\t<\/div>\n\t\t        \n                <\/div>\n                    <\/div>\n\n    <\/div>\n<\/div>\n\t\t\t\t<\/div>\n\t\t\t\t<\/div>\n\t\t            <\/div>\r\n        <\/div>\r\n        \t\t\t<\/div>\n\t\t<\/section>\n\t\t        <section class=\"elementor-section elementor-top-section elementor-element elementor-element-673060d elementor-section-content-middle elementor-section-boxed elementor-section-height-default elementor-section-height-default pxl-type-header-none pxl-bg-color-none pxl-row-scroll-none\" data-id=\"673060d\" data-element_type=\"section\">\n\n                \n                <div class=\"elementor-container elementor-column-gap-default \">\n                <div class=\"elementor-column elementor-col-100 elementor-top-column elementor-element elementor-element-dfbc9ad pxl-col-none pxl-column-none\" data-id=\"dfbc9ad\" data-element_type=\"column\" data-settings=\"{&quot;background_background&quot;:&quot;classic&quot;}\">\r\n        <div class=\"elementor-widget-wrap elementor-element-populated\">\r\n                     \r\n                <section class=\"elementor-section elementor-inner-section elementor-element elementor-element-d299322 elementor-section-content-middle elementor-section-boxed elementor-section-height-default elementor-section-height-default pxl-type-header-none pxl-bg-color-none pxl-row-scroll-none\" data-id=\"d299322\" data-element_type=\"section\">\n\n                \n                <div class=\"elementor-container elementor-column-gap-default \">\n                <div class=\"elementor-column elementor-col-50 elementor-inner-column elementor-element elementor-element-2991bf5 pxl-col-none pxl-column-none\" data-id=\"2991bf5\" data-element_type=\"column\">\r\n        <div class=\"elementor-widget-wrap elementor-element-populated\">\r\n                     \r\n        \t\t<div class=\"elementor-element elementor-element-971f6e2 elementor-widget__width-initial elementor-widget elementor-widget-pxl_heading\" data-id=\"971f6e2\" data-element_type=\"widget\" data-widget_type=\"pxl_heading.default\">\n\t\t\t\t<div class=\"elementor-widget-container\">\n\t\t\t\t\t<div class=\"pxl-heading\">\n\t<div class=\"pxl-heading--inner\">\n\t\t\t<h3 class=\"pxl-item--title  highlight-default Salsa\" data-wow-delay=\"ms\">\n\tBu Maceraya Kat\u0131lmaya Haz\u0131r M\u0131s\u0131n?\t\t\n\t<\/h3>\n<\/div>\n<\/div>\t\t\t\t<\/div>\n\t\t\t\t<\/div>\n\t\t\t\t<div class=\"elementor-element elementor-element-d0b9e5d elementor-widget elementor-widget-pxl_text_editor\" data-id=\"d0b9e5d\" data-element_type=\"widget\" data-widget_type=\"pxl_text_editor.default\">\n\t\t\t\t<div class=\"elementor-widget-container\">\n\t\t\t\t\t<div class=\"pxl-text-editor\">\n\t<div class=\"pxl-item--inner  \" data-wow-delay=\"ms\">\n\t\t<p>Abone olarak t\u00fcm oyunlara an\u0131nda eri\u015fim sa\u011flay\u0131n.<\/p>\t\t\n\t<\/div>\n<\/div>\t\t\t\t<\/div>\n\t\t\t\t<\/div>\n\t\t            <\/div>\r\n        <\/div>\r\n                <div class=\"elementor-column elementor-col-50 elementor-inner-column elementor-element elementor-element-4bb0a36 pxl-col-none pxl-column-none\" data-id=\"4bb0a36\" data-element_type=\"column\">\r\n        <div class=\"elementor-widget-wrap elementor-element-populated\">\r\n                     \r\n        \t\t<div class=\"elementor-element elementor-element-b99579f elementor-widget__width-auto elementor-widget elementor-widget-pxl_button\" data-id=\"b99579f\" data-element_type=\"widget\" data-widget_type=\"pxl_button.default\">\n\t\t\t\t<div class=\"elementor-widget-container\">\n\t\t\t\t\t<div class=\"pxl-button\">\r\n    <a class=\"btn   pxl-btn-effect7  pxl-icon--right\" href=\"https:\/\/onlinedersatolyem.com\/hesabim\/\" data-wow-delay=\"ms\">\r\n        <i aria-hidden=\"true\" class=\"far fa-long-arrow-right\"><\/i>        <span class=\"pxl--btn-text\" data-text=\"\u015eimdi Kaydol\">\r\n            \u015eimdi Kaydol        <\/span>\r\n    <\/a>\r\n<\/div>\t\t\t\t<\/div>\n\t\t\t\t<\/div>\n\t\t            <\/div>\r\n        <\/div>\r\n        \t\t\t<\/div>\n\t\t<\/section>\n\t\t            <\/div>\r\n        <\/div>\r\n        \t\t\t<\/div>\n\t\t<\/section>\n\t\t<div class=\"elementor-element elementor-element-2704aea e-grid e-con-boxed e-con e-parent \" data-id=\"2704aea\" data-element_type=\"container\">\t\t\t<div class=\"e-con-inner\">\r\n\t\t\t\t\t<\/div>\r\n\t\t\t\t<\/div>\r\n\t\t<div class=\"elementor-element elementor-element-f024314 e-grid e-con-boxed e-con e-parent \" data-id=\"f024314\" data-element_type=\"container\">\t\t\t<div class=\"e-con-inner\">\r\n\t\t\t\t\t<\/div>\r\n\t\t\t\t<\/div>\r\n\t\t\t\t<\/div>\n\t\t","protected":false},"excerpt":{"rendered":"<p>\u00dccret Tarifesi Ayl\u0131k ve Y\u0131ll\u0131k \u00dcyelik F\u0131rsatlar\u0131 Ayl\u0131k Y\u0131ll\u0131k Ayl\u0131k \u00dcyelik T\u00fcm Oyunlara An\u0131nda Eri\u015fim Sa\u011flay\u0131n 299\u20ba\/ayl\u0131k T\u00fcm Oyunlara Eri\u015fim M\u00fcfredata Uygun Program Canl\u0131 Destek BU PLANI SE\u00c7 Y\u0131ll\u0131k \u00dcyelik Uygun Fiyata Uzun S\u00fcreli Eri\u015fim \u0130mkan\u0131 2399\u20ba\/y\u0131ll\u0131k T\u00fcm Oyunlara Eri\u015fim M\u00fcfredata Uygun Program Canl\u0131 Destek BU PLANI SE\u00c7 Bu Maceraya Kat\u0131lmaya Haz\u0131r M\u0131s\u0131n? Abone olarak [&hellip;]<\/p>\n","protected":false},"author":1,"featured_media":0,"parent":0,"menu_order":0,"comment_status":"closed","ping_status":"closed","template":"","meta":{"_acf_changed":false,"inline_featured_image":false,"footnotes":""},"class_list":["post-2368","page","type-page","status-publish","hentry"],"acf":[],"_hostinger_reach_plugin_has_subscription_block":false,"_hostinger_reach_plugin_is_elementor":false,"_links":{"self":[{"href":"https:\/\/www.onlinedersatolyem.com\/index.php?rest_route=\/wp\/v2\/pages\/2368","targetHints":{"allow":["GET"]}}],"collection":[{"href":"https:\/\/www.onlinedersatolyem.com\/index.php?rest_route=\/wp\/v2\/pages"}],"about":[{"href":"https:\/\/www.onlinedersatolyem.com\/index.php?rest_route=\/wp\/v2\/types\/page"}],"author":[{"embeddable":true,"href":"https:\/\/www.onlinedersatolyem.com\/index.php?rest_route=\/wp\/v2\/users\/1"}],"replies":[{"embeddable":true,"href":"https:\/\/www.onlinedersatolyem.com\/index.php?rest_route=%2Fwp%2Fv2%2Fcomments&post=2368"}],"version-history":[{"count":22,"href":"https:\/\/www.onlinedersatolyem.com\/index.php?rest_route=\/wp\/v2\/pages\/2368\/revisions"}],"predecessor-version":[{"id":6281,"href":"https:\/\/www.onlinedersatolyem.com\/index.php?rest_route=\/wp\/v2\/pages\/2368\/revisions\/6281"}],"wp:attachment":[{"href":"https:\/\/www.onlinedersatolyem.com\/index.php?rest_route=%2Fwp%2Fv2%2Fmedia&parent=2368"}],"curies":[{"name":"wp","href":"https:\/\/api.w.org\/{rel}","templated":true}]}}