{"id":290,"date":"2022-04-21T09:44:19","date_gmt":"2022-04-21T09:44:19","guid":{"rendered":"http:\/\/localhost\/kinco\/?page_id=290"},"modified":"2025-12-06T19:03:50","modified_gmt":"2025-12-06T19:03:50","slug":"blog","status":"publish","type":"page","link":"https:\/\/www.onlinedersatolyem.com\/?page_id=290","title":{"rendered":"Blog"},"content":{"rendered":"\t\t<div data-elementor-type=\"wp-page\" data-elementor-id=\"290\" class=\"elementor elementor-290\">\n\t\t\t\t        <section class=\"elementor-section elementor-top-section elementor-element elementor-element-5102cba elementor-section-boxed elementor-section-height-default elementor-section-height-default pxl-type-header-none pxl-bg-color-none pxl-row-scroll-none\" data-id=\"5102cba\" data-element_type=\"section\">\n\n                \n                <div class=\"elementor-container elementor-column-gap-default \">\n                <div class=\"elementor-column elementor-col-100 elementor-top-column elementor-element elementor-element-999d544 pxl-col-none pxl-column-none\" data-id=\"999d544\" data-element_type=\"column\">\r\n        <div class=\"elementor-widget-wrap elementor-element-populated\">\r\n                     \r\n        \t\t<div class=\"elementor-element elementor-element-d319d61 pxl-post-layout-post-2 elementor-widget elementor-widget-pxl_post_grid\" data-id=\"d319d61\" data-element_type=\"widget\" data-widget_type=\"pxl_post_grid.default\">\n\t\t\t\t<div class=\"elementor-widget-container\">\n\t\t\t\t\t\n<div id=\"pxl_post_grid-d319d61-8661\" class=\"pxl-grid pxl-blog-grid pxl-blog-grid-layout2 \" data-layout=\"masonry\" data-start-page=\"1\" data-max-pages=\"1\" data-total=\"1\" data-perpage=\"9\" data-next-link=\"\">\n    \n    <div class=\"pxl-grid-inner pxl-grid-masonry row\" data-gutter=\"15\">\n        \n                    <div class=\"pxl-grid-item col-xl-4 col-lg-4 col-md-6 col-sm-6 col-12 \">\n                <div class=\"pxl-item--inner wow fadeInLeft\" data-wow-duration=\"1.2s\">\n                                        <div class=\"pxl-item--image hover-imge-effect2\">\n                        <div class=\"wrap-feature\">\n                            <a href=\"https:\/\/www.onlinedersatolyem.com\/?p=271\"><img fetchpriority=\"high\" decoding=\"async\" class=\"no-lazyload \" src=\"https:\/\/www.onlinedersatolyem.com\/wp-content\/uploads\/2025\/01\/post-01-370x250.jpg\" width=\"370\" height=\"250\" alt=\"post-01\" title=\"post-01\" \/><\/a>\n                        <\/div>\n                        <div class=\"wrap-meta pxl-inline-flex\">\n                                                            <div class=\"pxl-item--date \"><i class=\"caseicon-calendar-alt\"><\/i>Ocak 24, 2025<\/div>\n                                                                                        <div class=\"item-comment\">\n                                    <i class=\"caseicon-comment\"><\/i>\n                                    <a href=\"#comments\">Hen\u00fcz Yorum Yok<\/a>\n                                <\/div>\n                                                    <\/div>\n                    <\/div>\n                                <div class=\"pxl-item--holder\">\n                    <h3 class=\"pxl-item--title\">\n                        <a href=\"https:\/\/www.onlinedersatolyem.com\/?p=271\">Oyunla \u00d6\u011frenmek: \u0130lkokul \u00d6\u011frencileri \u0130\u00e7in Ba\u015far\u0131ya Giden Yol<\/a>\n                    <\/h3>\n                                            <div class=\"pxl-item--readmore\">\n                            <a class=\"btn-readmore\" href=\"https:\/\/www.onlinedersatolyem.com\/?p=271\">\n                                <span>\n                                    Daha Fazla                                <\/span>\n                                <i class=\"caseicon-long-arrow-right-two\"><\/i>\n                            <\/a>\n                        <\/div>\n                                    <\/div>\n            <\/div>\n        <\/div>\n                <div class=\"grid-sizer col-xl-4 col-lg-4 col-md-6 col-sm-6 col-12\"><\/div>\n    <\/div>\n            <div class=\"pxl-grid-pagination\" data-loadmore=\"{&quot;post_type&quot;:&quot;post&quot;,&quot;layout&quot;:&quot;post-2&quot;,&quot;startPage&quot;:1,&quot;maxPages&quot;:1,&quot;total&quot;:1,&quot;perpage&quot;:9,&quot;nextLink&quot;:&quot;&quot;,&quot;source&quot;:[],&quot;orderby&quot;:&quot;date&quot;,&quot;order&quot;:&quot;desc&quot;,&quot;limit&quot;:9,&quot;post_ids&quot;:&quot;&quot;,&quot;col_xl&quot;:4,&quot;col_lg&quot;:4,&quot;col_md&quot;:6,&quot;col_sm&quot;:6,&quot;col_xs&quot;:12,&quot;pagination_type&quot;:&quot;pagination&quot;,&quot;show_author&quot;:&quot;true&quot;,&quot;show_date&quot;:&quot;true&quot;,&quot;show_comment&quot;:&quot;true&quot;,&quot;show_button&quot;:&quot;true&quot;,&quot;button_text&quot;:&quot;&quot;,&quot;show_excerpt&quot;:&quot;true&quot;,&quot;num_words&quot;:25,&quot;img_size&quot;:&quot;&quot;,&quot;grid_masonry&quot;:&quot;&quot;,&quot;pxl_animate&quot;:&quot;wow fadeInLeft&quot;,&quot;tax&quot;:[]}\" data-query=\"{&quot;post_status&quot;:&quot;publish&quot;,&quot;post_type&quot;:&quot;post&quot;,&quot;posts_per_page&quot;:9,&quot;order&quot;:&quot;desc&quot;,&quot;orderby&quot;:&quot;date&quot;,&quot;tax_query&quot;:{&quot;relation&quot;:&quot;OR&quot;},&quot;post__not_in&quot;:[290]}\">\n                    <\/div>\n        <\/div>\t\t\t\t<\/div>\n\t\t\t\t<\/div>\n\t\t            <\/div>\r\n        <\/div>\r\n        \t\t\t<\/div>\n\t\t<\/section>\n\t\t\t\t<\/div>\n\t\t","protected":false},"excerpt":{"rendered":"<p>April 24, 2022 Comment (1) Ontario rolls out full-day kindergarten. Read More April 24, 2022 Comments (2) Full-day kindergarten in Alberta another. Read More April 24, 2022 Comment (1) Planting Seeds in the Hearts of Preschoolers Read More April 24, 2022 No Comments Extensions Fronts End Developer Smashing Read More April 24, 2022 No Comments [&hellip;]<\/p>\n","protected":false},"author":1,"featured_media":0,"parent":0,"menu_order":0,"comment_status":"closed","ping_status":"closed","template":"","meta":{"_acf_changed":false,"inline_featured_image":false,"footnotes":""},"class_list":["post-290","page","type-page","status-publish","hentry"],"acf":[],"_hostinger_reach_plugin_has_subscription_block":false,"_hostinger_reach_plugin_is_elementor":false,"_links":{"self":[{"href":"https:\/\/www.onlinedersatolyem.com\/index.php?rest_route=\/wp\/v2\/pages\/290","targetHints":{"allow":["GET"]}}],"collection":[{"href":"https:\/\/www.onlinedersatolyem.com\/index.php?rest_route=\/wp\/v2\/pages"}],"about":[{"href":"https:\/\/www.onlinedersatolyem.com\/index.php?rest_route=\/wp\/v2\/types\/page"}],"author":[{"embeddable":true,"href":"https:\/\/www.onlinedersatolyem.com\/index.php?rest_route=\/wp\/v2\/users\/1"}],"replies":[{"embeddable":true,"href":"https:\/\/www.onlinedersatolyem.com\/index.php?rest_route=%2Fwp%2Fv2%2Fcomments&post=290"}],"version-history":[{"count":2,"href":"https:\/\/www.onlinedersatolyem.com\/index.php?rest_route=\/wp\/v2\/pages\/290\/revisions"}],"predecessor-version":[{"id":6253,"href":"https:\/\/www.onlinedersatolyem.com\/index.php?rest_route=\/wp\/v2\/pages\/290\/revisions\/6253"}],"wp:attachment":[{"href":"https:\/\/www.onlinedersatolyem.com\/index.php?rest_route=%2Fwp%2Fv2%2Fmedia&parent=290"}],"curies":[{"name":"wp","href":"https:\/\/api.w.org\/{rel}","templated":true}]}}